{"id":281,"date":"2022-11-10T16:24:08","date_gmt":"2022-11-10T15:24:08","guid":{"rendered":"http:\/\/qdmydgh.cluster029.hosting.ovh.net\/0371-0299-61\/jpbarlet\/?page_id=281"},"modified":"2023-01-02T14:47:27","modified_gmt":"2023-01-02T13:47:27","slug":"maquillage","status":"publish","type":"page","link":"https:\/\/www.lbeauty.art\/index.php\/maquillage\/","title":{"rendered":"Maquillage"},"content":{"rendered":"\n<figure class=\"wp-block-table is-style-stripes\"><table class=\"has-background\" style=\"background:linear-gradient(135deg,rgb(214,245,241) 0%,rgb(220,173,230) 100%)\"><tbody><tr><td>Teinture Cils<\/td><td class=\"has-text-align-right\" data-align=\"right\"><em>22 \u20ac<\/em><\/td><\/tr><tr><td>Teinture Sourcils<\/td><td class=\"has-text-align-right\" data-align=\"right\"><em>18 \u20ac<\/em><\/td><\/tr><\/tbody><\/table><\/figure>\n\n\n\n<hr class=\"wp-block-separator has-alpha-channel-opacity\"\/>\n\n\n\n<figure class=\"wp-block-table is-style-stripes\"><table class=\"has-background\" style=\"background:linear-gradient(135deg,rgb(214,245,241) 0%,rgb(220,173,230) 100%)\"><tbody><tr><td>Mise en beaut\u00e9 jour <\/td><td class=\"has-text-align-right\" data-align=\"right\"><em>60 \u20ac<\/em><\/td><\/tr><tr><td>Mise en beaut\u00e9 soir\u00e9e<\/td><td class=\"has-text-align-right\" data-align=\"right\"><em>80 \u20ac<\/em><\/td><\/tr><\/tbody><\/table><\/figure>\n\n\n\n<figure class=\"wp-block-table is-style-stripes\"><table class=\"has-background\" style=\"background:linear-gradient(135deg,rgb(214,245,241) 0%,rgb(220,173,230) 100%)\"><tbody><tr><td>Pose de Faux-cils en frange<\/td><td class=\"has-text-align-right\" data-align=\"right\"><em>18 \u20ac<\/em><\/td><\/tr><tr><td>Pose de Faux-cils individuels<\/td><td class=\"has-text-align-right\" data-align=\"right\"><em>36 \u20ac<\/em><\/td><\/tr><\/tbody><\/table><\/figure>\n\n\n\n<hr class=\"wp-block-separator has-alpha-channel-opacity\"\/>\n\n\n\n<figure class=\"wp-block-table is-style-stripes\"><table class=\"has-background\" style=\"background:linear-gradient(135deg,rgb(214,245,241) 0%,rgb(220,173,230) 100%)\"><tbody><tr><td>Cours d&rsquo;auto-maquillage<\/td><td class=\"has-text-align-right\" data-align=\"right\"><em>Sur devis<\/em><\/td><\/tr><tr><td>Maquillage enfants<\/td><td class=\"has-text-align-right\" data-align=\"right\"><em>Sur devis<\/em><\/td><\/tr><tr><td>Maquillage mari\u00e9e<\/td><td class=\"has-text-align-right\" data-align=\"right\"><em>Sur devis<\/em><\/td><\/tr><tr><td>Maquillage Shooting photo<\/td><td class=\"has-text-align-right\" data-align=\"right\"><em>Sur devis<\/em><\/td><\/tr><tr><td>Maquillage d\u00e9fil\u00e9<\/td><td class=\"has-text-align-right\" data-align=\"right\"><em>Sur devis<\/em><\/td><\/tr><\/tbody><\/table><\/figure>\n\n\n\n<hr class=\"wp-block-separator has-alpha-channel-opacity\"\/>\n\n\n\n<p class=\"has-text-align-center\">Ces tarifs comprennent les frais de d\u00e9placement,<\/p>\n\n\n\n<p class=\"has-text-align-center\">au-del\u00e0 de 25 kilom\u00e8tres un suppl\u00e9ment peut-\u00eatre factur\u00e9.<\/p>\n","protected":false},"excerpt":{"rendered":"<p>Teinture Cils 22 \u20ac Teinture Sourcils 18 \u20ac Mise en beaut\u00e9 jour 60 \u20ac Mise en beaut\u00e9 soir\u00e9e 80 \u20ac Pose de Faux-cils en frange 18 \u20ac Pose de Faux-cils individuels 36 \u20ac Cours d&rsquo;auto-maquillage Sur devis Maquillage enfants Sur devis Maquillage mari\u00e9e Sur devis Maquillage Shooting photo Sur devis Maquillage d\u00e9fil\u00e9 Sur devis Ces [&hellip;]<\/p>\n","protected":false},"author":1,"featured_media":0,"parent":0,"menu_order":0,"comment_status":"closed","ping_status":"closed","template":"","meta":{"footnotes":""},"class_list":["post-281","page","type-page","status-publish","hentry"],"yoast_head":"<!-- This site is optimized with the Yoast SEO plugin v21.7 - https:\/\/yoast.com\/wordpress\/plugins\/seo\/ -->\n<title>Maquillage - LBeauty<\/title>\n<meta name=\"description\" content=\"Tarifs des prestations (Teinture Cils, Sourcils, mise en beaut\u00e9 jour, nuit, Faux Cils, Maquillage Mari\u00e9e, Enfants, shooting, cours d&#039;auto maquillage).\" \/>\n<meta name=\"robots\" content=\"index, follow, max-snippet:-1, max-image-preview:large, max-video-preview:-1\" \/>\n<link rel=\"canonical\" href=\"https:\/\/www.lbeauty.art\/index.php\/maquillage\/\" \/>\n<meta property=\"og:locale\" content=\"fr_FR\" \/>\n<meta property=\"og:type\" content=\"article\" \/>\n<meta property=\"og:title\" content=\"Maquillage - LBeauty\" \/>\n<meta property=\"og:description\" content=\"Tarifs des prestations (Teinture Cils, Sourcils, mise en beaut\u00e9 jour, nuit, Faux Cils, Maquillage Mari\u00e9e, Enfants, shooting, cours d&#039;auto maquillage).\" \/>\n<meta property=\"og:url\" content=\"https:\/\/www.lbeauty.art\/index.php\/maquillage\/\" \/>\n<meta property=\"og:site_name\" content=\"LBeauty\" \/>\n<meta property=\"article:publisher\" content=\"https:\/\/www.facebook.com\/people\/LBeautyart\/100094162878851\/\" \/>\n<meta property=\"article:modified_time\" content=\"2023-01-02T13:47:27+00:00\" \/>\n<meta name=\"twitter:card\" content=\"summary_large_image\" \/>\n<meta name=\"twitter:label1\" content=\"Dur\u00e9e de lecture estim\u00e9e\" \/>\n\t<meta name=\"twitter:data1\" content=\"1 minute\" \/>\n<script type=\"application\/ld+json\" class=\"yoast-schema-graph\">{\"@context\":\"https:\/\/schema.org\",\"@graph\":[{\"@type\":\"WebPage\",\"@id\":\"https:\/\/www.lbeauty.art\/index.php\/maquillage\/\",\"url\":\"https:\/\/www.lbeauty.art\/index.php\/maquillage\/\",\"name\":\"Maquillage - LBeauty\",\"isPartOf\":{\"@id\":\"https:\/\/www.lbeauty.art\/#website\"},\"datePublished\":\"2022-11-10T15:24:08+00:00\",\"dateModified\":\"2023-01-02T13:47:27+00:00\",\"description\":\"Tarifs des prestations (Teinture Cils, Sourcils, mise en beaut\u00e9 jour, nuit, Faux Cils, Maquillage Mari\u00e9e, Enfants, shooting, cours d'auto maquillage).\",\"breadcrumb\":{\"@id\":\"https:\/\/www.lbeauty.art\/index.php\/maquillage\/#breadcrumb\"},\"inLanguage\":\"fr-FR\",\"potentialAction\":[{\"@type\":\"ReadAction\",\"target\":[\"https:\/\/www.lbeauty.art\/index.php\/maquillage\/\"]}]},{\"@type\":\"BreadcrumbList\",\"@id\":\"https:\/\/www.lbeauty.art\/index.php\/maquillage\/#breadcrumb\",\"itemListElement\":[{\"@type\":\"ListItem\",\"position\":1,\"name\":\"Accueil\",\"item\":\"https:\/\/www.lbeauty.art\/\"},{\"@type\":\"ListItem\",\"position\":2,\"name\":\"Maquillage\"}]},{\"@type\":\"WebSite\",\"@id\":\"https:\/\/www.lbeauty.art\/#website\",\"url\":\"https:\/\/www.lbeauty.art\/\",\"name\":\"LBeauty\",\"description\":\"Tout pour la beaut\u00e9 et le bien \u00eatre\",\"publisher\":{\"@id\":\"https:\/\/www.lbeauty.art\/#organization\"},\"alternateName\":\"Lucie BARLET Beaut\u00e9\",\"potentialAction\":[{\"@type\":\"SearchAction\",\"target\":{\"@type\":\"EntryPoint\",\"urlTemplate\":\"https:\/\/www.lbeauty.art\/?s={search_term_string}\"},\"query-input\":\"required name=search_term_string\"}],\"inLanguage\":\"fr-FR\"},{\"@type\":\"Organization\",\"@id\":\"https:\/\/www.lbeauty.art\/#organization\",\"name\":\"LBeauty\",\"alternateName\":\"Lucie BARLET Beaut\u00e9\",\"url\":\"https:\/\/www.lbeauty.art\/\",\"logo\":{\"@type\":\"ImageObject\",\"inLanguage\":\"fr-FR\",\"@id\":\"https:\/\/www.lbeauty.art\/#\/schema\/logo\/image\/\",\"url\":\"https:\/\/www.lbeauty.art\/wp-content\/uploads\/2022\/09\/cropped-Logo-ideal-pour-les-images-comples-1.png\",\"contentUrl\":\"https:\/\/www.lbeauty.art\/wp-content\/uploads\/2022\/09\/cropped-Logo-ideal-pour-les-images-comples-1.png\",\"width\":250,\"height\":250,\"caption\":\"LBeauty\"},\"image\":{\"@id\":\"https:\/\/www.lbeauty.art\/#\/schema\/logo\/image\/\"},\"sameAs\":[\"https:\/\/www.facebook.com\/people\/LBeautyart\/100094162878851\/\",\"https:\/\/www.instagram.com\/l.beau_ty\/\",\"https:\/\/fr.linkedin.com\/in\/lucie-barlet-53192b213\",\"https:\/\/vm.tiktok.com\/ZGJcHd4yd\/\"]}]}<\/script>\n<!-- \/ Yoast SEO plugin. -->","yoast_head_json":{"title":"Maquillage - LBeauty","description":"Tarifs des prestations (Teinture Cils, Sourcils, mise en beaut\u00e9 jour, nuit, Faux Cils, Maquillage Mari\u00e9e, Enfants, shooting, cours d'auto maquillage).","robots":{"index":"index","follow":"follow","max-snippet":"max-snippet:-1","max-image-preview":"max-image-preview:large","max-video-preview":"max-video-preview:-1"},"canonical":"https:\/\/www.lbeauty.art\/index.php\/maquillage\/","og_locale":"fr_FR","og_type":"article","og_title":"Maquillage - LBeauty","og_description":"Tarifs des prestations (Teinture Cils, Sourcils, mise en beaut\u00e9 jour, nuit, Faux Cils, Maquillage Mari\u00e9e, Enfants, shooting, cours d'auto maquillage).","og_url":"https:\/\/www.lbeauty.art\/index.php\/maquillage\/","og_site_name":"LBeauty","article_publisher":"https:\/\/www.facebook.com\/people\/LBeautyart\/100094162878851\/","article_modified_time":"2023-01-02T13:47:27+00:00","twitter_card":"summary_large_image","twitter_misc":{"Dur\u00e9e de lecture estim\u00e9e":"1 minute"},"schema":{"@context":"https:\/\/schema.org","@graph":[{"@type":"WebPage","@id":"https:\/\/www.lbeauty.art\/index.php\/maquillage\/","url":"https:\/\/www.lbeauty.art\/index.php\/maquillage\/","name":"Maquillage - LBeauty","isPartOf":{"@id":"https:\/\/www.lbeauty.art\/#website"},"datePublished":"2022-11-10T15:24:08+00:00","dateModified":"2023-01-02T13:47:27+00:00","description":"Tarifs des prestations (Teinture Cils, Sourcils, mise en beaut\u00e9 jour, nuit, Faux Cils, Maquillage Mari\u00e9e, Enfants, shooting, cours d'auto maquillage).","breadcrumb":{"@id":"https:\/\/www.lbeauty.art\/index.php\/maquillage\/#breadcrumb"},"inLanguage":"fr-FR","potentialAction":[{"@type":"ReadAction","target":["https:\/\/www.lbeauty.art\/index.php\/maquillage\/"]}]},{"@type":"BreadcrumbList","@id":"https:\/\/www.lbeauty.art\/index.php\/maquillage\/#breadcrumb","itemListElement":[{"@type":"ListItem","position":1,"name":"Accueil","item":"https:\/\/www.lbeauty.art\/"},{"@type":"ListItem","position":2,"name":"Maquillage"}]},{"@type":"WebSite","@id":"https:\/\/www.lbeauty.art\/#website","url":"https:\/\/www.lbeauty.art\/","name":"LBeauty","description":"Tout pour la beaut\u00e9 et le bien \u00eatre","publisher":{"@id":"https:\/\/www.lbeauty.art\/#organization"},"alternateName":"Lucie BARLET Beaut\u00e9","potentialAction":[{"@type":"SearchAction","target":{"@type":"EntryPoint","urlTemplate":"https:\/\/www.lbeauty.art\/?s={search_term_string}"},"query-input":"required name=search_term_string"}],"inLanguage":"fr-FR"},{"@type":"Organization","@id":"https:\/\/www.lbeauty.art\/#organization","name":"LBeauty","alternateName":"Lucie BARLET Beaut\u00e9","url":"https:\/\/www.lbeauty.art\/","logo":{"@type":"ImageObject","inLanguage":"fr-FR","@id":"https:\/\/www.lbeauty.art\/#\/schema\/logo\/image\/","url":"https:\/\/www.lbeauty.art\/wp-content\/uploads\/2022\/09\/cropped-Logo-ideal-pour-les-images-comples-1.png","contentUrl":"https:\/\/www.lbeauty.art\/wp-content\/uploads\/2022\/09\/cropped-Logo-ideal-pour-les-images-comples-1.png","width":250,"height":250,"caption":"LBeauty"},"image":{"@id":"https:\/\/www.lbeauty.art\/#\/schema\/logo\/image\/"},"sameAs":["https:\/\/www.facebook.com\/people\/LBeautyart\/100094162878851\/","https:\/\/www.instagram.com\/l.beau_ty\/","https:\/\/fr.linkedin.com\/in\/lucie-barlet-53192b213","https:\/\/vm.tiktok.com\/ZGJcHd4yd\/"]}]}},"_links":{"self":[{"href":"https:\/\/www.lbeauty.art\/index.php\/wp-json\/wp\/v2\/pages\/281","targetHints":{"allow":["GET"]}}],"collection":[{"href":"https:\/\/www.lbeauty.art\/index.php\/wp-json\/wp\/v2\/pages"}],"about":[{"href":"https:\/\/www.lbeauty.art\/index.php\/wp-json\/wp\/v2\/types\/page"}],"author":[{"embeddable":true,"href":"https:\/\/www.lbeauty.art\/index.php\/wp-json\/wp\/v2\/users\/1"}],"replies":[{"embeddable":true,"href":"https:\/\/www.lbeauty.art\/index.php\/wp-json\/wp\/v2\/comments?post=281"}],"version-history":[{"count":8,"href":"https:\/\/www.lbeauty.art\/index.php\/wp-json\/wp\/v2\/pages\/281\/revisions"}],"predecessor-version":[{"id":430,"href":"https:\/\/www.lbeauty.art\/index.php\/wp-json\/wp\/v2\/pages\/281\/revisions\/430"}],"wp:attachment":[{"href":"https:\/\/www.lbeauty.art\/index.php\/wp-json\/wp\/v2\/media?parent=281"}],"curies":[{"name":"wp","href":"https:\/\/api.w.org\/{rel}","templated":true}]}}